{"id":23,"date":"2021-01-20T00:33:16","date_gmt":"2021-01-20T00:33:16","guid":{"rendered":"https:\/\/www.guepardoboots.com\/web\/my-account\/"},"modified":"2021-04-22T11:35:51","modified_gmt":"2021-04-22T11:35:51","slug":"my-account","status":"publish","type":"page","link":"https:\/\/www.guepardoboots.com\/web\/my-account\/","title":{"rendered":"Mi cuenta"},"content":{"rendered":"\n<p class=\"has-text-align-center\">Ingresa a tu cuenta para poder revisar el estado de tus \u00f3rdenes env\u00edos y dem\u00e1s servicios.<\/p>\n\n\n<div class=\"woocommerce\"><\/div>\n","protected":false},"excerpt":{"rendered":"<p>Ingresa a tu cuenta para poder revisar el estado de tus \u00f3rdenes env\u00edos y dem\u00e1s servicios.<\/p>\n","protected":false},"author":1,"featured_media":0,"parent":0,"menu_order":0,"comment_status":"closed","ping_status":"closed","template":"","meta":{"footnotes":""},"class_list":["post-23","page","type-page","status-publish","hentry"],"yoast_head":"<!-- This site is optimized with the Yoast SEO plugin v26.8 - https:\/\/yoast.com\/product\/yoast-seo-wordpress\/ -->\n<title>Mi cuenta - Guepardo Online Store<\/title>\n<meta name=\"robots\" content=\"index, follow, max-snippet:-1, max-image-preview:large, max-video-preview:-1\" \/>\n<link rel=\"canonical\" href=\"https:\/\/www.guepardoboots.com\/web\/my-account\/\" \/>\n<meta property=\"og:locale\" content=\"es_MX\" \/>\n<meta property=\"og:type\" content=\"article\" \/>\n<meta property=\"og:title\" content=\"Mi cuenta - Guepardo Online Store\" \/>\n<meta property=\"og:description\" content=\"Ingresa a tu cuenta para poder revisar el estado de tus \u00f3rdenes env\u00edos y dem\u00e1s servicios.\" \/>\n<meta property=\"og:url\" content=\"https:\/\/www.guepardoboots.com\/web\/my-account\/\" \/>\n<meta property=\"og:site_name\" content=\"Guepardo Online Store\" \/>\n<meta property=\"article:modified_time\" content=\"2021-04-22T11:35:51+00:00\" \/>\n<meta name=\"twitter:card\" content=\"summary_large_image\" \/>\n<script type=\"application\/ld+json\" class=\"yoast-schema-graph\">{\"@context\":\"https:\/\/schema.org\",\"@graph\":[{\"@type\":\"WebPage\",\"@id\":\"https:\/\/www.guepardoboots.com\/web\/my-account\/\",\"url\":\"https:\/\/www.guepardoboots.com\/web\/my-account\/\",\"name\":\"Mi cuenta - Guepardo Online Store\",\"isPartOf\":{\"@id\":\"https:\/\/www.guepardoboots.com\/web\/#website\"},\"datePublished\":\"2021-01-20T00:33:16+00:00\",\"dateModified\":\"2021-04-22T11:35:51+00:00\",\"breadcrumb\":{\"@id\":\"https:\/\/www.guepardoboots.com\/web\/my-account\/#breadcrumb\"},\"inLanguage\":\"es\",\"potentialAction\":[{\"@type\":\"ReadAction\",\"target\":[\"https:\/\/www.guepardoboots.com\/web\/my-account\/\"]}]},{\"@type\":\"BreadcrumbList\",\"@id\":\"https:\/\/www.guepardoboots.com\/web\/my-account\/#breadcrumb\",\"itemListElement\":[{\"@type\":\"ListItem\",\"position\":1,\"name\":\"Inicio\",\"item\":\"https:\/\/www.guepardoboots.com\/web\/\"},{\"@type\":\"ListItem\",\"position\":2,\"name\":\"Mi cuenta\"}]},{\"@type\":\"WebSite\",\"@id\":\"https:\/\/www.guepardoboots.com\/web\/#website\",\"url\":\"https:\/\/www.guepardoboots.com\/web\/\",\"name\":\"Guepardo Online Store\",\"description\":\"Work Boots\",\"publisher\":{\"@id\":\"https:\/\/www.guepardoboots.com\/web\/#organization\"},\"potentialAction\":[{\"@type\":\"SearchAction\",\"target\":{\"@type\":\"EntryPoint\",\"urlTemplate\":\"https:\/\/www.guepardoboots.com\/web\/?s={search_term_string}\"},\"query-input\":{\"@type\":\"PropertyValueSpecification\",\"valueRequired\":true,\"valueName\":\"search_term_string\"}}],\"inLanguage\":\"es\"},{\"@type\":\"Organization\",\"@id\":\"https:\/\/www.guepardoboots.com\/web\/#organization\",\"name\":\"Guepardo Online Store\",\"url\":\"https:\/\/www.guepardoboots.com\/web\/\",\"logo\":{\"@type\":\"ImageObject\",\"inLanguage\":\"es\",\"@id\":\"https:\/\/www.guepardoboots.com\/web\/#\/schema\/logo\/image\/\",\"url\":\"https:\/\/i0.wp.com\/www.workboots.work\/website\/wp-content\/uploads\/2021\/06\/guepardo.jpg?fit=709%2C158&ssl=1\",\"contentUrl\":\"https:\/\/i0.wp.com\/www.workboots.work\/website\/wp-content\/uploads\/2021\/06\/guepardo.jpg?fit=709%2C158&ssl=1\",\"width\":709,\"height\":158,\"caption\":\"Guepardo Online Store\"},\"image\":{\"@id\":\"https:\/\/www.guepardoboots.com\/web\/#\/schema\/logo\/image\/\"}}]}<\/script>\n<!-- \/ Yoast SEO plugin. -->","yoast_head_json":{"title":"Mi cuenta - Guepardo Online Store","robots":{"index":"index","follow":"follow","max-snippet":"max-snippet:-1","max-image-preview":"max-image-preview:large","max-video-preview":"max-video-preview:-1"},"canonical":"https:\/\/www.guepardoboots.com\/web\/my-account\/","og_locale":"es_MX","og_type":"article","og_title":"Mi cuenta - Guepardo Online Store","og_description":"Ingresa a tu cuenta para poder revisar el estado de tus \u00f3rdenes env\u00edos y dem\u00e1s servicios.","og_url":"https:\/\/www.guepardoboots.com\/web\/my-account\/","og_site_name":"Guepardo Online Store","article_modified_time":"2021-04-22T11:35:51+00:00","twitter_card":"summary_large_image","schema":{"@context":"https:\/\/schema.org","@graph":[{"@type":"WebPage","@id":"https:\/\/www.guepardoboots.com\/web\/my-account\/","url":"https:\/\/www.guepardoboots.com\/web\/my-account\/","name":"Mi cuenta - Guepardo Online Store","isPartOf":{"@id":"https:\/\/www.guepardoboots.com\/web\/#website"},"datePublished":"2021-01-20T00:33:16+00:00","dateModified":"2021-04-22T11:35:51+00:00","breadcrumb":{"@id":"https:\/\/www.guepardoboots.com\/web\/my-account\/#breadcrumb"},"inLanguage":"es","potentialAction":[{"@type":"ReadAction","target":["https:\/\/www.guepardoboots.com\/web\/my-account\/"]}]},{"@type":"BreadcrumbList","@id":"https:\/\/www.guepardoboots.com\/web\/my-account\/#breadcrumb","itemListElement":[{"@type":"ListItem","position":1,"name":"Inicio","item":"https:\/\/www.guepardoboots.com\/web\/"},{"@type":"ListItem","position":2,"name":"Mi cuenta"}]},{"@type":"WebSite","@id":"https:\/\/www.guepardoboots.com\/web\/#website","url":"https:\/\/www.guepardoboots.com\/web\/","name":"Guepardo Online Store","description":"Work Boots","publisher":{"@id":"https:\/\/www.guepardoboots.com\/web\/#organization"},"potentialAction":[{"@type":"SearchAction","target":{"@type":"EntryPoint","urlTemplate":"https:\/\/www.guepardoboots.com\/web\/?s={search_term_string}"},"query-input":{"@type":"PropertyValueSpecification","valueRequired":true,"valueName":"search_term_string"}}],"inLanguage":"es"},{"@type":"Organization","@id":"https:\/\/www.guepardoboots.com\/web\/#organization","name":"Guepardo Online Store","url":"https:\/\/www.guepardoboots.com\/web\/","logo":{"@type":"ImageObject","inLanguage":"es","@id":"https:\/\/www.guepardoboots.com\/web\/#\/schema\/logo\/image\/","url":"https:\/\/i0.wp.com\/www.workboots.work\/website\/wp-content\/uploads\/2021\/06\/guepardo.jpg?fit=709%2C158&ssl=1","contentUrl":"https:\/\/i0.wp.com\/www.workboots.work\/website\/wp-content\/uploads\/2021\/06\/guepardo.jpg?fit=709%2C158&ssl=1","width":709,"height":158,"caption":"Guepardo Online Store"},"image":{"@id":"https:\/\/www.guepardoboots.com\/web\/#\/schema\/logo\/image\/"}}]}},"jetpack_sharing_enabled":true,"_links":{"self":[{"href":"https:\/\/www.guepardoboots.com\/web\/wp-json\/wp\/v2\/pages\/23","targetHints":{"allow":["GET"]}}],"collection":[{"href":"https:\/\/www.guepardoboots.com\/web\/wp-json\/wp\/v2\/pages"}],"about":[{"href":"https:\/\/www.guepardoboots.com\/web\/wp-json\/wp\/v2\/types\/page"}],"author":[{"embeddable":true,"href":"https:\/\/www.guepardoboots.com\/web\/wp-json\/wp\/v2\/users\/1"}],"replies":[{"embeddable":true,"href":"https:\/\/www.guepardoboots.com\/web\/wp-json\/wp\/v2\/comments?post=23"}],"version-history":[{"count":2,"href":"https:\/\/www.guepardoboots.com\/web\/wp-json\/wp\/v2\/pages\/23\/revisions"}],"predecessor-version":[{"id":2960,"href":"https:\/\/www.guepardoboots.com\/web\/wp-json\/wp\/v2\/pages\/23\/revisions\/2960"}],"wp:attachment":[{"href":"https:\/\/www.guepardoboots.com\/web\/wp-json\/wp\/v2\/media?parent=23"}],"curies":[{"name":"wp","href":"https:\/\/api.w.org\/{rel}","templated":true}]}}